{"id":455,"date":"2026-03-07T17:29:09","date_gmt":"2026-03-07T16:29:09","guid":{"rendered":"https:\/\/fastvibe.pl\/?page_id=455"},"modified":"2026-03-13T09:35:05","modified_gmt":"2026-03-13T08:35:05","slug":"regulamin-sklepu","status":"publish","type":"page","link":"https:\/\/fastvibe.pl\/?page_id=455","title":{"rendered":"Regulamin Sklepu"},"content":{"rendered":"\t\t<div data-elementor-type=\"wp-page\" data-elementor-id=\"455\" class=\"elementor elementor-455\" data-elementor-post-type=\"page\">\n\t\t\t\t\t\t<section class=\"elementor-section elementor-top-section elementor-element elementor-element-d36e5ea elementor-section-boxed elementor-section-height-default elementor-section-height-default\" data-id=\"d36e5ea\" data-element_type=\"section\" data-e-type=\"section\">\n\t\t\t\t\t\t<div class=\"elementor-container elementor-column-gap-default\">\n\t\t\t\t\t<div class=\"elementor-column elementor-col-100 elementor-top-column elementor-element elementor-element-89f5cbc\" data-id=\"89f5cbc\" data-element_type=\"column\" data-e-type=\"column\">\n\t\t\t<div class=\"elementor-widget-wrap elementor-element-populated\">\n\t\t\t\t\t\t<div class=\"elementor-element elementor-element-5288b7a elementor-widget elementor-widget-heading\" data-id=\"5288b7a\" data-element_type=\"widget\" data-e-type=\"widget\" data-widget_type=\"heading.default\">\n\t\t\t\t\t<h2 class=\"elementor-heading-title elementor-size-default\">Regulamin Sklepu Internetowego FastVibe<\/h2>\t\t\t\t<\/div>\n\t\t\t\t\t<\/div>\n\t\t<\/div>\n\t\t\t\t\t<\/div>\n\t\t<\/section>\n\t\t\t\t<section class=\"elementor-section elementor-top-section elementor-element elementor-element-9730b69 elementor-section-full_width elementor-section-stretched elementor-section-height-default elementor-section-height-default\" data-id=\"9730b69\" data-element_type=\"section\" data-e-type=\"section\" data-settings=\"{&quot;stretch_section&quot;:&quot;section-stretched&quot;}\">\n\t\t\t\t\t\t<div class=\"elementor-container elementor-column-gap-default\">\n\t\t\t\t\t<div class=\"elementor-column elementor-col-100 elementor-top-column elementor-element elementor-element-ae27617\" data-id=\"ae27617\" data-element_type=\"column\" data-e-type=\"column\">\n\t\t\t<div class=\"elementor-widget-wrap elementor-element-populated\">\n\t\t\t\t\t\t<div class=\"elementor-element elementor-element-c0dc1fb elementor-widget-mobile__width-initial elementor-widget__width-initial elementor-widget elementor-widget-text-editor\" data-id=\"c0dc1fb\" data-element_type=\"widget\" data-e-type=\"widget\" data-widget_type=\"text-editor.default\">\n\t\t\t\t\t\t\t\t\t<p data-path-to-node=\"4\">Niniejszy Regulamin skierowany jest zar\u00f3wno do Konsument\u00f3w, jak i do przedsi\u0119biorc\u00f3w korzystaj\u0105cych ze Sklepu, chyba \u017ce dane postanowienie Regulaminu stanowi inaczej i jest skierowane wy\u0142\u0105cznie do Konsument\u00f3w albo do przedsi\u0119biorc\u00f3w.<\/p><p data-path-to-node=\"5\">Warunkiem korzystania ze Sklepu jest zapoznanie si\u0119 z Regulaminem oraz Polityk\u0105 Prywatno\u015bci, akceptacja wszystkich ich postanowie\u0144 oraz zobowi\u0105zanie si\u0119 do korzystania ze Sklepu zgodnie z ich postanowieniami. Je\u017celi nie akceptujesz kt\u00f3regokolwiek z postanowie\u0144 Regulaminu lub Polityki prywatno\u015bci, nie powiniene\u015b korzysta\u0107 ze Sklepu.<\/p><h3 data-path-to-node=\"6\">\u00a7 1. DEFINICJE<\/h3><ul data-path-to-node=\"7\"><li><p data-path-to-node=\"7,0,0\"><b data-path-to-node=\"7,0,0\" data-index-in-node=\"0\">Sklep<\/b> \u2013 sklep internetowy Sprzedawcy dost\u0119pny pod adresem <code data-path-to-node=\"7,0,0\" data-index-in-node=\"58\">https:\/\/fastvibe.pl<\/code>.<\/p><\/li><li><p data-path-to-node=\"7,1,0\"><b data-path-to-node=\"7,1,0\" data-index-in-node=\"0\">Regulamin<\/b> \u2013 niniejszy regulamin Sklepu.<\/p><\/li><li><p data-path-to-node=\"7,2,0\"><b data-path-to-node=\"7,2,0\" data-index-in-node=\"0\">Sprzedawca<\/b> \u2013 <b data-path-to-node=\"7,2,0\" data-index-in-node=\"13\">Wojciech Suszy\u0144ski<\/b>, zamieszka\u0142y pod adresem: <b data-path-to-node=\"7,2,0\" data-index-in-node=\"58\">Pa\u0144k\u00f3w 25, 22-604 Tarnawatka.<\/b>\u00a0Sprzedawca o\u015bwiadcza, \u017ce prowadzi dzia\u0142alno\u015b\u0107 nierejestrowan\u0105 zgodnie z art. 5 ustawy Prawo przedsi\u0119biorc\u00f3w.<\/p><\/li><li><p data-path-to-node=\"7,3,0\"><b data-path-to-node=\"7,3,0\" data-index-in-node=\"0\">Kupuj\u0105cy<\/b> \u2013 osoba fizyczna posiadaj\u0105ca pe\u0142n\u0105 zdolno\u015b\u0107 do czynno\u015bci prawnych, osoba prawna lub jednostka organizacyjna nieposiadaj\u0105ca osobowo\u015bci prawnej, a kt\u00f3<span class=\"citation-189 citation-end-189\">rej prawo przyznaje zdolno\u015b\u0107 prawn\u0105, kt\u00f3ra korzysta z us\u0142ug \u015bwiadczonych drog\u0105 elektroniczn\u0105 przez Sprzedawc\u0119.<\/span><\/p><div class=\"source-inline-chip-container ng-star-inserted\">\u00a0<\/div><\/li><li><p data-path-to-node=\"7,4,0\"><b data-path-to-node=\"7,4,0\" data-index-in-node=\"0\"><span class=\"citation-188\">Konsument<\/span><\/b><span class=\"citation-188 citation-end-188\"> \u2013 osoba fizyczna dokonuj\u0105ca czynno\u015bci prawnej niezwi\u0105zanej bezpo\u015brednio z jej dzia\u0142alno\u015bc<\/span>i\u0105 gospodarcz\u0105 lub zawodow\u0105.<\/p><div class=\"source-inline-chip-container ng-star-inserted\">\u00a0<\/div><\/li><li><p data-path-to-node=\"7,5,0\"><b data-path-to-node=\"7,5,0\" data-index-in-node=\"0\">Dni robocze<\/b> \u2013 wszystkie dni tygodnia od poniedzia\u0142ku do pi\u0105tku, z wy\u0142\u0105czeniem sob\u00f3t, niedziel i dni wolnych od pracy z mocy prawa.<\/p><\/li><li><p data-path-to-node=\"7,6,0\"><b data-path-to-node=\"7,6,0\" data-index-in-node=\"0\">Zam\u00f3wienie<\/b> \u2013 o\u015bwiadczenie woli Kupuj\u0105cego, stanowi\u0105ce ofert\u0119 zawarcia Umowy sprzeda\u017cy Produktu ze Sprzedawc\u0105.<\/p><\/li><li><p data-path-to-node=\"7,7,0\"><b data-path-to-node=\"7,7,0\" data-index-in-node=\"0\">Produkt<\/b> \u2013 dost\u0119pna w Sklepie rzecz ruchoma, b\u0119d\u0105ca przedmiotem Umowy pomi\u0119dzy Kupuj\u0105cym a Sprzedawc\u0105.<\/p><\/li><li><p data-path-to-node=\"7,8,0\"><b data-path-to-node=\"7,8,0\" data-index-in-node=\"0\">Dow\u00f3d zakupu<\/b> \u2013 faktura VAT lub potwierdzenie zakupu Produktu.<\/p><\/li><\/ul><h3 data-path-to-node=\"8\">\u00a7 2. ZASADY KORZYSTANIA ZE SKLEPU<\/h3><ol start=\"1\" data-path-to-node=\"9\"><li><p data-path-to-node=\"9,0,0\">Us\u0142ugi \u015bwiadczone drog\u0105 elektroniczn\u0105 polegaj\u0105 na umo\u017cliwieniu zawarcia Umowy poprzez wype\u0142nienie Formularza zam\u00f3wienia.<\/p><\/li><li><p data-path-to-node=\"9,1,0\">Kontakt ze Sprzedawc\u0105 w sprawach dotycz\u0105cych Sklepu mo\u017cliwy jest pod adresem e-mail: <i><b><code data-path-to-node=\"9,1,0\" data-index-in-node=\"85\">fastvibe76@gmail.com<\/code>.<\/b><\/i><\/p><\/li><li><p data-path-to-node=\"9,2,0\">Kupuj\u0105cy obowi\u0105zany jest do korzystania ze Sklepu w spos\u00f3b zgodny z obowi\u0105zuj\u0105cym prawem, zasadami wsp\u00f3\u0142\u017cycia spo\u0142ecznego oraz dobrymi obyczajami.<\/p><\/li><\/ol><h3 data-path-to-node=\"10\">\u00a7 3. WARUNKI Z\u0141O\u017bENIA ZAM\u00d3WIENIA<\/h3><ol start=\"1\" data-path-to-node=\"11\"><li><p data-path-to-node=\"11,0,0\">Zam\u00f3wienia mo\u017cna sk\u0142ada\u0107 przez 7 Dni kalendarzowych w tygodniu przez 24 godziny na dob\u0119.<\/p><\/li><li><p data-path-to-node=\"11,1,0\">Potwierdzenie z\u0142o\u017cenia oraz przyj\u0119cia do realizacji Zam\u00f3wienia zostanie przes\u0142ane Kupuj\u0105cemu przez Sprzedawc\u0119 w formie wiadomo\u015bci e-mail na adres <code data-path-to-node=\"11,1,0\" data-index-in-node=\"146\">fastvibe76@gmail.com<\/code>.<\/p><\/li><li><p data-path-to-node=\"11,2,0\">Czas realizacji Zam\u00f3wienia wynosi do <b data-path-to-node=\"11,2,0\" data-index-in-node=\"37\">21 Dni roboczych<\/b>.<\/p><\/li><\/ol><h3 data-path-to-node=\"12\">\u00a7 4. P\u0141ATNO\u015aCI<\/h3><p data-path-to-node=\"13\">Za z\u0142o\u017cone zam\u00f3wienie mo\u017cna zap\u0142aci\u0107, w zale\u017cno\u015bci od wyboru Kupuj\u0105cego:<\/p><ul data-path-to-node=\"14\"><li><p data-path-to-node=\"14,0,0\">Zwyk\u0142ym przelewem na rachunek bankowy Sprzedawcy.<\/p><\/li><li><p data-path-to-node=\"14,1,0\">Za po\u015brednictwem platform p\u0142atniczych dost\u0119pnej w Sklepie<\/p><\/li><li><p data-path-to-node=\"14,1,0\"><span style=\"font-style: inherit; font-weight: inherit;\">Za po\u015brednictwem platformy p\u0142atniczej <\/span><b style=\"font-style: inherit;\" data-path-to-node=\"5,1,0\" data-index-in-node=\"38\">HotPay, obs\u0142ugiwanej przez eP\u0142atno\u015bci Sp. z o.o. sp. k. z siedzib\u0105 w Bochni.<\/b><\/p><\/li><\/ul><h3 data-path-to-node=\"15\">\u00a7 5. DOSTAWY<\/h3><ol start=\"1\" data-path-to-node=\"16\"><li><p data-path-to-node=\"16,0,0\">Sposoby dostawy: firmy kurierskie, paczkomat InPost ,Dhl,Orlen paczka. odbi\u00f3r w punkcie.<\/p><\/li><li><p data-path-to-node=\"16,1,0\">Adres dostarczenia przesy\u0142ki podawany jest przez Kupuj\u0105cego podczas sk\u0142adania Zam\u00f3wienia.<\/p><\/li><li><p data-path-to-node=\"16,2,0\">Koszty dostawy ponosi Kupuj\u0105cy.<\/p><\/li><li><p data-path-to-node=\"16,3,0\">Orientacyjny czas oczekiwania na przesy\u0142k\u0119 na terytorium RP wynosi zazwyczaj 4 Dni robocze od momentu nadania.<\/p><\/li><\/ol><h3 data-path-to-node=\"17\">\u00a7 6. REKLAMACJA Z TYTU\u0141U USZKODZENIA PRZESY\u0141KI<\/h3><p data-path-to-node=\"18\">Kupuj\u0105cy (szczeg\u00f3lnie Konsument) proszony jest o sprawdzenie przesy\u0142ki w obecno\u015bci kuriera. W przypadku stwierdzenia uszkodze\u0144, zaleca si\u0119 spisanie protoko\u0142u szkody, co usprawni procedur\u0119 reklamacyjn\u0105.<\/p><h3 data-path-to-node=\"19\">\u00a7 7. REKLAMACJA PRODUKTU<\/h3><ol start=\"1\" data-path-to-node=\"20\"><li><p data-path-to-node=\"20,0,0\">Reklamacj\u0119 nale\u017cy przes\u0142a\u0107 na adres e-mail: <code data-path-to-node=\"20,0,0\" data-index-in-node=\"44\">fastvibe76@gmail.com<\/code>.<\/p><\/li><li><p data-path-to-node=\"20,1,0\">Reklamowany Produkt nale\u017cy wys\u0142a\u0107 na adres: <b data-path-to-node=\"20,1,0\" data-index-in-node=\"44\">Wojciech Suszy\u0144ski, Pa\u0144k\u00f3w 25, 22-604 Tarnawatka<\/b><\/p><\/li><li><p data-path-to-node=\"20,2,0\">Sprzedawca zobowi\u0105zuje si\u0119 do ustosunkowania si\u0119 do reklamacji w przeci\u0105gu 14 Dni kalendarzowych.<\/p><\/li><li><p data-path-to-node=\"20,2,0\">Kontakt telefoniczny z biurem obs\u0142ugi klienta\u00a0 tel.723687297<\/p><\/li><\/ol><h3 data-path-to-node=\"21\">\u00a7 8. ODST\u0104PIENIE OD UMOWY<\/h3><ol start=\"1\" data-path-to-node=\"22\"><li><p data-path-to-node=\"22,0,0\">Konsument ma prawo odst\u0105pienia od Umowy bez podania przyczyny w terminie <b data-path-to-node=\"22,0,0\" data-index-in-node=\"73\">14 Dni kalendarzowych<\/b>.<\/p><\/li><li><p data-path-to-node=\"22,1,0\">O\u015bwiadczenie o odst\u0105pieniu mo\u017cna przes\u0142a\u0107 drog\u0105 mailow\u0105 na adres <code data-path-to-node=\"22,1,0\" data-index-in-node=\"65\">fastvibe76@gmail.com<\/code>.<\/p><\/li><li><p data-path-to-node=\"22,2,0\">Zwracany Produkt nale\u017cy wys\u0142a\u0107 na adres: <b data-path-to-node=\"22,2,0\" data-index-in-node=\"41\">Wojciech Suszy\u0144ski, Pa\u0144k\u00f3w 25, 22-604 Tarnawatka<\/b><\/p><\/li><li><p data-path-to-node=\"22,3,0\">Koszty wysy\u0142ki zwracanego Produktu ponosi Kupuj\u0105cy.<\/p><\/li><\/ol><h3 data-path-to-node=\"23\">\u00a7 9. OCHRONA DANYCH OSOBOWYCH<\/h3><p data-path-to-node=\"24\">Administratorem Danych Osobowych jest Wojciech Suszy\u0144ski. Szczeg\u00f3\u0142y przetwarzania danych znajduj\u0105 si\u0119 w Polityce Prywatno\u015bci Sklepu.<\/p><h3 data-path-to-node=\"25\">\u00a7 10. OCHRONA PRAW AUTORSKICH<\/h3><p data-path-to-node=\"26\">Wszystkie zdj\u0119cia Produkt\u00f3w oraz materia\u0142y zamieszczone na stronie <code data-path-to-node=\"26\" data-index-in-node=\"67\"><b>fastvibe.pl<\/b><\/code> s\u0105 w\u0142asno\u015bci\u0105 Sprzedawcy. Zabronione jest ich kopiowanie i wykorzystywanie bez zgody.<\/p><h3 data-path-to-node=\"27\">\u00a7 12. POSTANOWIENIA KO\u0143COWE<\/h3><ol start=\"1\" data-path-to-node=\"28\"><li><p data-path-to-node=\"28,0,0\">W sprawach nieuregulowanych zastosowanie maj\u0105 przepisy prawa powszechnie obowi\u0105zuj\u0105cego.<\/p><\/li><li><p data-path-to-node=\"28,1,0\">Konsument mo\u017ce skorzysta\u0107 z unijnej platformy internetowej ODR, dost\u0119pnej pod adresem:<b> <code data-path-to-node=\"28,1,0\" data-index-in-node=\"87\">https:\/\/ec.europa.eu\/consumers\/odr<\/code>.<\/b><\/p><\/li><\/ol>\t\t\t\t\t\t\t\t<\/div>\n\t\t\t\t<div class=\"elementor-element elementor-element-cca27d0 elementor-widget elementor-widget-text-editor\" data-id=\"cca27d0\" data-element_type=\"widget\" data-e-type=\"widget\" data-widget_type=\"text-editor.default\">\n\t\t\t\t\t\t\t\t\t<p data-path-to-node=\"4\">Niniejszy Regulamin skierowany jest zar\u00f3wno do Konsument\u00f3w, jak i do przedsi\u0119biorc\u00f3w korzystaj\u0105cych ze Sklepu, chyba \u017ce dane postanowienie Regulaminu stanowi inaczej i jest skierowane wy\u0142\u0105cznie do Konsument\u00f3w albo do przedsi\u0119biorc\u00f3w.<\/p><p data-path-to-node=\"5\">Warunkiem korzystania ze Sklepu jest zapoznanie si\u0119 z Regulaminem oraz Polityk\u0105 Prywatno\u015bci, akceptacja wszystkich ich postanowie\u0144 oraz zobowi\u0105zanie si\u0119 do korzystania ze Sklepu zgodnie z ich postanowieniami. Je\u017celi nie akceptujesz kt\u00f3regokolwiek z postanowie\u0144 Regulaminu lub Polityki prywatno\u015bci, nie powiniene\u015b korzysta\u0107 ze Sklepu.<\/p><h3 data-path-to-node=\"6\">\u00a7 1. DEFINICJE<\/h3><ul data-path-to-node=\"7\"><li><p data-path-to-node=\"7,0,0\"><b data-path-to-node=\"7,0,0\" data-index-in-node=\"0\">Sklep<\/b> \u2013 sklep internetowy Sprzedawcy dost\u0119pny pod adresem <code data-path-to-node=\"7,0,0\" data-index-in-node=\"58\">https:\/\/fastvibe.pl<\/code>.<\/p><\/li><li><p data-path-to-node=\"7,1,0\"><b data-path-to-node=\"7,1,0\" data-index-in-node=\"0\">Regulamin<\/b> \u2013 niniejszy regulamin Sklepu.<\/p><\/li><li><p data-path-to-node=\"7,2,0\"><b data-path-to-node=\"7,2,0\" data-index-in-node=\"0\">Sprzedawca<\/b> \u2013 <b data-path-to-node=\"7,2,0\" data-index-in-node=\"13\">Wojciech Suszy\u0144ski<\/b>, zamieszka\u0142y pod adresem: <b data-path-to-node=\"7,2,0\" data-index-in-node=\"58\">Pa\u0144k\u00f3w 25, 22-604 Tarnawatka.<\/b>\u00a0Sprzedawca o\u015bwiadcza, \u017ce prowadzi dzia\u0142alno\u015b\u0107 nierejestrowan\u0105 zgodnie z art. 5 ustawy Prawo przedsi\u0119biorc\u00f3w.<\/p><\/li><li><p data-path-to-node=\"7,3,0\"><b data-path-to-node=\"7,3,0\" data-index-in-node=\"0\">Kupuj\u0105cy<\/b> \u2013 osoba fizyczna posiadaj\u0105ca pe\u0142n\u0105 zdolno\u015b\u0107 do czynno\u015bci prawnych, osoba prawna lub jednostka organizacyjna nieposiadaj\u0105ca osobowo\u015bci prawnej, a kt\u00f3<span class=\"citation-189 citation-end-189\">rej prawo przyznaje zdolno\u015b\u0107 prawn\u0105, kt\u00f3ra korzysta z us\u0142ug \u015bwiadczonych drog\u0105 elektroniczn\u0105 przez Sprzedawc\u0119.<\/span><\/p><div class=\"source-inline-chip-container ng-star-inserted\">\u00a0<\/div><\/li><li><p data-path-to-node=\"7,4,0\"><b data-path-to-node=\"7,4,0\" data-index-in-node=\"0\"><span class=\"citation-188\">Konsument<\/span><\/b><span class=\"citation-188 citation-end-188\"> \u2013 osoba fizyczna dokonuj\u0105ca czynno\u015bci prawnej niezwi\u0105zanej bezpo\u015brednio z jej dzia\u0142alno\u015bc<\/span>i\u0105 gospodarcz\u0105 lub zawodow\u0105.<\/p><div class=\"source-inline-chip-container ng-star-inserted\">\u00a0<\/div><\/li><li><p data-path-to-node=\"7,5,0\"><b data-path-to-node=\"7,5,0\" data-index-in-node=\"0\">Dni robocze<\/b> \u2013 wszystkie dni tygodnia od poniedzia\u0142ku do pi\u0105tku, z wy\u0142\u0105czeniem sob\u00f3t, niedziel i dni wolnych od pracy z mocy prawa.<\/p><\/li><li><p data-path-to-node=\"7,6,0\"><b data-path-to-node=\"7,6,0\" data-index-in-node=\"0\">Zam\u00f3wienie<\/b> \u2013 o\u015bwiadczenie woli Kupuj\u0105cego, stanowi\u0105ce ofert\u0119 zawarcia Umowy sprzeda\u017cy Produktu ze Sprzedawc\u0105.<\/p><\/li><li><p data-path-to-node=\"7,7,0\"><b data-path-to-node=\"7,7,0\" data-index-in-node=\"0\">Produkt<\/b> \u2013 dost\u0119pna w Sklepie rzecz ruchoma, b\u0119d\u0105ca przedmiotem Umowy pomi\u0119dzy Kupuj\u0105cym a Sprzedawc\u0105.<\/p><\/li><li><p data-path-to-node=\"7,8,0\"><b data-path-to-node=\"7,8,0\" data-index-in-node=\"0\">Dow\u00f3d zakupu<\/b> \u2013 faktura VAT lub potwierdzenie zakupu Produktu.<\/p><\/li><\/ul><h3 data-path-to-node=\"8\">\u00a7 2. ZASADY KORZYSTANIA ZE SKLEPU<\/h3><ol start=\"1\" data-path-to-node=\"9\"><li><p data-path-to-node=\"9,0,0\">Us\u0142ugi \u015bwiadczone drog\u0105 elektroniczn\u0105 polegaj\u0105 na umo\u017cliwieniu zawarcia Umowy poprzez wype\u0142nienie Formularza zam\u00f3wienia.<\/p><\/li><li><p data-path-to-node=\"9,1,0\">Kontakt ze Sprzedawc\u0105 w sprawach dotycz\u0105cych Sklepu mo\u017cliwy jest pod adresem e-mail: <i><b><code data-path-to-node=\"9,1,0\" data-index-in-node=\"85\">fastvibe76@gmail.com<\/code>.<\/b><\/i><\/p><\/li><li><p data-path-to-node=\"9,2,0\">Kupuj\u0105cy obowi\u0105zany jest do korzystania ze Sklepu w spos\u00f3b zgodny z obowi\u0105zuj\u0105cym prawem, zasadami wsp\u00f3\u0142\u017cycia spo\u0142ecznego oraz dobrymi obyczajami.<\/p><\/li><\/ol><h3 data-path-to-node=\"10\">\u00a7 3. WARUNKI Z\u0141O\u017bENIA ZAM\u00d3WIENIA<\/h3><ol start=\"1\" data-path-to-node=\"11\"><li><p data-path-to-node=\"11,0,0\">Zam\u00f3wienia mo\u017cna sk\u0142ada\u0107 przez 7 Dni kalendarzowych w tygodniu przez 24 godziny na dob\u0119.<\/p><\/li><li><p data-path-to-node=\"11,1,0\">Potwierdzenie z\u0142o\u017cenia oraz przyj\u0119cia do realizacji Zam\u00f3wienia zostanie przes\u0142ane Kupuj\u0105cemu przez Sprzedawc\u0119 w formie wiadomo\u015bci e-mail na adres <code data-path-to-node=\"11,1,0\" data-index-in-node=\"146\">fastvibe76@gmail.com<\/code>.<\/p><\/li><li><p data-path-to-node=\"11,2,0\">Czas realizacji Zam\u00f3wienia wynosi do <b data-path-to-node=\"11,2,0\" data-index-in-node=\"37\">21 Dni roboczych<\/b>.<\/p><\/li><\/ol><h3 data-path-to-node=\"12\">\u00a7 4. P\u0141ATNO\u015aCI<\/h3><p data-path-to-node=\"13\">Za z\u0142o\u017cone zam\u00f3wienie mo\u017cna zap\u0142aci\u0107, w zale\u017cno\u015bci od wyboru Kupuj\u0105cego:<\/p><ul data-path-to-node=\"14\"><li><p data-path-to-node=\"14,0,0\">Zwyk\u0142ym przelewem na rachunek bankowy Sprzedawcy.<\/p><\/li><li><p data-path-to-node=\"14,1,0\">Za po\u015brednictwem platformy p\u0142atniczej dost\u0119pnej w Sklepie.<\/p><\/li><\/ul><h3 data-path-to-node=\"15\">\u00a7 5. DOSTAWY<\/h3><ol start=\"1\" data-path-to-node=\"16\"><li><p data-path-to-node=\"16,0,0\">Sposoby dostawy: firmy kurierskie, paczkomat InPost ,Dhl,Orlen paczka. odbi\u00f3r w punkcie.<\/p><\/li><li><p data-path-to-node=\"16,1,0\">Adres dostarczenia przesy\u0142ki podawany jest przez Kupuj\u0105cego podczas sk\u0142adania Zam\u00f3wienia.<\/p><\/li><li><p data-path-to-node=\"16,2,0\">Koszty dostawy ponosi Kupuj\u0105cy.<\/p><\/li><li><p data-path-to-node=\"16,3,0\">Orientacyjny czas oczekiwania na przesy\u0142k\u0119 na terytorium RP wynosi zazwyczaj 4 Dni robocze od momentu nadania.<\/p><\/li><\/ol><h3 data-path-to-node=\"17\">\u00a7 6. REKLAMACJA Z TYTU\u0141U USZKODZENIA PRZESY\u0141KI<\/h3><p data-path-to-node=\"18\">Kupuj\u0105cy (szczeg\u00f3lnie Konsument) proszony jest o sprawdzenie przesy\u0142ki w obecno\u015bci kuriera. W przypadku stwierdzenia uszkodze\u0144, zaleca si\u0119 spisanie protoko\u0142u szkody, co usprawni procedur\u0119 reklamacyjn\u0105.<\/p><h3 data-path-to-node=\"19\">\u00a7 7. REKLAMACJA PRODUKTU<\/h3><ol start=\"1\" data-path-to-node=\"20\"><li><p data-path-to-node=\"20,0,0\">Reklamacj\u0119 nale\u017cy przes\u0142a\u0107 na adres e-mail: <code data-path-to-node=\"20,0,0\" data-index-in-node=\"44\">fastvibe76@gmail.com<\/code>.<\/p><\/li><li><p data-path-to-node=\"20,1,0\">Reklamowany Produkt nale\u017cy wys\u0142a\u0107 na adres: <b data-path-to-node=\"20,1,0\" data-index-in-node=\"44\">Wojciech Suszy\u0144ski, Pa\u0144k\u00f3w 25, 22-604 Tarnawatka<\/b><\/p><\/li><li><p data-path-to-node=\"20,2,0\">Sprzedawca zobowi\u0105zuje si\u0119 do ustosunkowania si\u0119 do reklamacji w przeci\u0105gu 14 Dni kalendarzowych.<\/p><\/li><li><p data-path-to-node=\"20,2,0\">Kontakt telefoniczny z biurem obs\u0142ugi klienta\u00a0 tel.723687297<\/p><\/li><\/ol><h3 data-path-to-node=\"21\">\u00a7 8. ODST\u0104PIENIE OD UMOWY<\/h3><ol start=\"1\" data-path-to-node=\"22\"><li><p data-path-to-node=\"22,0,0\">Konsument ma prawo odst\u0105pienia od Umowy bez podania przyczyny w terminie <b data-path-to-node=\"22,0,0\" data-index-in-node=\"73\">14 Dni kalendarzowych<\/b>.<\/p><\/li><li><p data-path-to-node=\"22,1,0\">O\u015bwiadczenie o odst\u0105pieniu mo\u017cna przes\u0142a\u0107 drog\u0105 mailow\u0105 na adres <code data-path-to-node=\"22,1,0\" data-index-in-node=\"65\">fastvibe76@gmail.com<\/code>.<\/p><\/li><li><p data-path-to-node=\"22,2,0\">Zwracany Produkt nale\u017cy wys\u0142a\u0107 na adres: <b data-path-to-node=\"22,2,0\" data-index-in-node=\"41\">Wojciech Suszy\u0144ski, Pa\u0144k\u00f3w 25, 22-604 Tarnawatka<\/b><\/p><\/li><li><p data-path-to-node=\"22,3,0\">Koszty wysy\u0142ki zwracanego Produktu ponosi Kupuj\u0105cy.<\/p><\/li><\/ol><h3 data-path-to-node=\"23\">\u00a7 9. OCHRONA DANYCH OSOBOWYCH<\/h3><p data-path-to-node=\"24\">Administratorem Danych Osobowych jest Wojciech Suszy\u0144ski. Szczeg\u00f3\u0142y przetwarzania danych znajduj\u0105 si\u0119 w Polityce Prywatno\u015bci Sklepu.<\/p><h3 data-path-to-node=\"25\">\u00a7 10. OCHRONA PRAW AUTORSKICH<\/h3><p data-path-to-node=\"26\">Wszystkie zdj\u0119cia Produkt\u00f3w oraz materia\u0142y zamieszczone na stronie <code data-path-to-node=\"26\" data-index-in-node=\"67\"><b>fastvibe.pl<\/b><\/code> s\u0105 w\u0142asno\u015bci\u0105 Sprzedawcy. Zabronione jest ich kopiowanie i wykorzystywanie bez zgody.<\/p><h3 data-path-to-node=\"27\">\u00a7 12. POSTANOWIENIA KO\u0143COWE<\/h3><ol start=\"1\" data-path-to-node=\"28\"><li><p data-path-to-node=\"28,0,0\">W sprawach nieuregulowanych zastosowanie maj\u0105 przepisy prawa powszechnie obowi\u0105zuj\u0105cego.<\/p><\/li><li><p data-path-to-node=\"28,1,0\">Konsument mo\u017ce skorzysta\u0107 z unijnej platformy internetowej ODR, dost\u0119pnej pod adresem:<b> <code data-path-to-node=\"28,1,0\" data-index-in-node=\"87\">https:\/\/ec.europa.eu\/consumers\/odr<\/code>.<\/b><\/p><\/li><\/ol>\t\t\t\t\t\t\t\t<\/div>\n\t\t\t\t\t<\/div>\n\t\t<\/div>\n\t\t\t\t\t<\/div>\n\t\t<\/section>\n\t\t\t\t<\/div>\n\t\t","protected":false},"excerpt":{"rendered":"<p>Regulamin Sklepu Internetowego FastVibe Niniejszy Regulamin skierowany jest zar\u00f3wno do Konsument\u00f3w, jak i do przedsi\u0119biorc\u00f3w korzystaj\u0105cych ze Sklepu, chyba \u017ce [&hellip;]<\/p>\n","protected":false},"author":1,"featured_media":0,"parent":0,"menu_order":0,"comment_status":"closed","ping_status":"closed","template":"","meta":{"site-sidebar-layout":"no-sidebar","site-content-layout":"","ast-site-content-layout":"full-width-container","site-content-style":"default","site-sidebar-style":"default","ast-global-header-display":"","ast-banner-title-visibility":"","ast-main-header-display":"","ast-hfb-above-header-display":"","ast-hfb-below-header-display":"","ast-hfb-mobile-header-display":"","site-post-title":"disabled","ast-breadcrumbs-content":"","ast-featured-img":"disabled","footer-sml-layout":"","ast-disable-related-posts":"","theme-transparent-header-meta":"","adv-header-id-meta":"","stick-header-meta":"","header-above-stick-meta":"","header-main-stick-meta":"","header-below-stick-meta":"","astra-migrate-meta-layouts":"default","ast-page-background-enabled":"default","ast-page-background-meta":{"desktop":{"background-color":"var(--ast-global-color-5)","background-image":"","background-repeat":"repeat","background-position":"center center","background-size":"auto","background-attachment":"scroll","background-type":"","background-media":"","overlay-type":"","overlay-color":"","overlay-opacity":"","overlay-gradient":""},"tablet":{"background-color":"","background-image":"","background-repeat":"repeat","background-position":"center center","background-size":"auto","background-attachment":"scroll","background-type":"","background-media":"","overlay-type":"","overlay-color":"","overlay-opacity":"","overlay-gradient":""},"mobile":{"background-color":"","background-image":"","background-repeat":"repeat","background-position":"center center","background-size":"auto","background-attachment":"scroll","background-type":"","background-media":"","overlay-type":"","overlay-color":"","overlay-opacity":"","overlay-gradient":""}},"ast-content-background-meta":{"desktop":{"background-color":"var(--ast-global-color-4)","background-image":"","background-repeat":"repeat","background-position":"center center","background-size":"auto","background-attachment":"scroll","background-type":"","background-media":"","overlay-type":"","overlay-color":"","overlay-opacity":"","overlay-gradient":""},"tablet":{"background-color":"var(--ast-global-color-4)","background-image":"","background-repeat":"repeat","background-position":"center center","background-size":"auto","background-attachment":"scroll","background-type":"","background-media":"","overlay-type":"","overlay-color":"","overlay-opacity":"","overlay-gradient":""},"mobile":{"background-color":"var(--ast-global-color-4)","background-image":"","background-repeat":"repeat","background-position":"center center","background-size":"auto","background-attachment":"scroll","background-type":"","background-media":"","overlay-type":"","overlay-color":"","overlay-opacity":"","overlay-gradient":""}},"footnotes":""},"class_list":["post-455","page","type-page","status-publish","hentry"],"_links":{"self":[{"href":"https:\/\/fastvibe.pl\/index.php?rest_route=\/wp\/v2\/pages\/455","targetHints":{"allow":["GET"]}}],"collection":[{"href":"https:\/\/fastvibe.pl\/index.php?rest_route=\/wp\/v2\/pages"}],"about":[{"href":"https:\/\/fastvibe.pl\/index.php?rest_route=\/wp\/v2\/types\/page"}],"author":[{"embeddable":true,"href":"https:\/\/fastvibe.pl\/index.php?rest_route=\/wp\/v2\/users\/1"}],"replies":[{"embeddable":true,"href":"https:\/\/fastvibe.pl\/index.php?rest_route=%2Fwp%2Fv2%2Fcomments&post=455"}],"version-history":[{"count":33,"href":"https:\/\/fastvibe.pl\/index.php?rest_route=\/wp\/v2\/pages\/455\/revisions"}],"predecessor-version":[{"id":850,"href":"https:\/\/fastvibe.pl\/index.php?rest_route=\/wp\/v2\/pages\/455\/revisions\/850"}],"wp:attachment":[{"href":"https:\/\/fastvibe.pl\/index.php?rest_route=%2Fwp%2Fv2%2Fmedia&parent=455"}],"curies":[{"name":"wp","href":"https:\/\/api.w.org\/{rel}","templated":true}]}}