{"id":450,"date":"2026-03-07T17:13:30","date_gmt":"2026-03-07T16:13:30","guid":{"rendered":"https:\/\/fastvibe.pl\/?page_id=450"},"modified":"2026-03-13T09:57:10","modified_gmt":"2026-03-13T08:57:10","slug":"polityka-wysylki","status":"publish","type":"page","link":"https:\/\/fastvibe.pl\/?page_id=450","title":{"rendered":"Polityka Wysy\u0142ki"},"content":{"rendered":"\t\t<div data-elementor-type=\"wp-page\" data-elementor-id=\"450\" class=\"elementor elementor-450\" data-elementor-post-type=\"page\">\n\t\t\t\t\t\t<section class=\"elementor-section elementor-top-section elementor-element elementor-element-cdfc72f elementor-section-boxed elementor-section-height-default elementor-section-height-default\" data-id=\"cdfc72f\" data-element_type=\"section\" data-e-type=\"section\">\n\t\t\t\t\t\t<div class=\"elementor-container elementor-column-gap-default\">\n\t\t\t\t\t<div class=\"elementor-column elementor-col-100 elementor-top-column elementor-element elementor-element-6eb0347\" data-id=\"6eb0347\" data-element_type=\"column\" data-e-type=\"column\">\n\t\t\t<div class=\"elementor-widget-wrap elementor-element-populated\">\n\t\t\t\t\t\t<div class=\"elementor-element elementor-element-7bb723c elementor-widget elementor-widget-heading\" data-id=\"7bb723c\" data-element_type=\"widget\" data-e-type=\"widget\" data-widget_type=\"heading.default\">\n\t\t\t\t\t<h2 class=\"elementor-heading-title elementor-size-default\">Polityka Wysy\u0142ki<\/h2>\t\t\t\t<\/div>\n\t\t\t\t<div class=\"elementor-element elementor-element-4f3041d elementor-widget-mobile__width-initial elementor-widget elementor-widget-text-editor\" data-id=\"4f3041d\" data-element_type=\"widget\" data-e-type=\"widget\" data-widget_type=\"text-editor.default\">\n\t\t\t\t\t\t\t\t\t<p data-path-to-node=\"3\"><b data-path-to-node=\"3\" data-index-in-node=\"0\">1. Metody dostawy<\/b> Zam\u00f3wione produkty dostarczane s\u0105 na terenie Polski oraz wybranych kraj\u00f3w za po\u015brednictwem:<\/p><ul data-path-to-node=\"4\"><li><p data-path-to-node=\"4,0,0\">Firm kurierskich.<\/p><\/li><li><p data-path-to-node=\"4,1,0\">Paczkomat\u00f3w.<\/p><\/li><li><p data-path-to-node=\"4,2,0\">Punkt\u00f3w odbioru.<\/p><\/li><\/ul><p data-path-to-node=\"5\"><b data-path-to-node=\"5\" data-index-in-node=\"0\">2. Koszty wysy\u0142ki<\/b><\/p><ul data-path-to-node=\"6\"><li><p data-path-to-node=\"6,0,0\">Koszty dostawy ponosi Kupuj\u0105cy.<\/p><\/li><li><p data-path-to-node=\"6,1,0\">Dok\u0142adna kwota za przesy\u0142k\u0119 jest wy\u015bwietlana w koszyku przed ostatecznym zatwierdzeniem i op\u0142aceniem zam\u00f3wienia.<\/p><\/li><li><p data-path-to-node=\"6,2,0\">W przypadku dostaw poza Uni\u0119 Europejsk\u0105 (np. Wielka Brytania, Szwajcaria), wszelkie op\u0142aty celne i podatkowe le\u017cy po stronie Kupuj\u0105cego.<\/p><\/li><\/ul><p data-path-to-node=\"7\"><b data-path-to-node=\"7\" data-index-in-node=\"0\">3. Czas realizacji i dor\u0119czenia<\/b><\/p><ul data-path-to-node=\"8\"><li><p data-path-to-node=\"8,0,0\"><b data-path-to-node=\"8,0,0\" data-index-in-node=\"0\">Czas realizacji zam\u00f3wienia:<\/b> Przygotowanie towaru do wysy\u0142ki wynosi do 21 dni roboczych (zale\u017cnie od dost\u0119pno\u015bci produktu).<\/p><\/li><li><p data-path-to-node=\"8,1,0\"><b data-path-to-node=\"8,1,0\" data-index-in-node=\"0\">Czas transportu (Polska):<\/b> Od momentu przekazania paczki kurierowi, przewidywany czas dostawy to zazwyczaj 4 dni robocze.<\/p><\/li><li><p data-path-to-node=\"8,2,0\"><b data-path-to-node=\"8,2,0\" data-index-in-node=\"0\">Czas transportu (Unia Europejska):<\/b> Zazwyczaj nie przekracza 7 dni kalendarzowych.<\/p><\/li><li><p data-path-to-node=\"8,3,0\"><b data-path-to-node=\"8,3,0\" data-index-in-node=\"0\">Czas transportu (Poza UE):<\/b> Standardowo do 14 dni kalendarzowych.<\/p><\/li><\/ul><p data-path-to-node=\"9\"><b data-path-to-node=\"9\" data-index-in-node=\"0\">4. Odbi\u00f3r przesy\u0142ki<\/b><\/p><ul data-path-to-node=\"10\"><li><p data-path-to-node=\"10,0,0\">Kupuj\u0105cy jest zobowi\u0105zany do odebrania zam\u00f3wionego produktu.<\/p><\/li><li><p data-path-to-node=\"10,1,0\">Zaleca si\u0119 sprawdzenie stanu przesy\u0142ki przy odbiorze. W przypadku widocznego uszkodzenia opakowania, warto spisa\u0107 protok\u00f3\u0142 szkody w obecno\u015bci kuriera \u2013 u\u0142atwi to i przyspieszy proces ewentualnej reklamacji.<\/p><\/li><\/ul>\t\t\t\t\t\t\t\t<\/div>\n\t\t\t\t\t<\/div>\n\t\t<\/div>\n\t\t\t\t\t<\/div>\n\t\t<\/section>\n\t\t\t\t<\/div>\n\t\t","protected":false},"excerpt":{"rendered":"<p>Polityka Wysy\u0142ki 1. Metody dostawy Zam\u00f3wione produkty dostarczane s\u0105 na terenie Polski oraz wybranych kraj\u00f3w za po\u015brednictwem: Firm kurierskich. Paczkomat\u00f3w. [&hellip;]<\/p>\n","protected":false},"author":1,"featured_media":0,"parent":0,"menu_order":0,"comment_status":"closed","ping_status":"closed","template":"","meta":{"site-sidebar-layout":"no-sidebar","site-content-layout":"","ast-site-content-layout":"full-width-container","site-content-style":"default","site-sidebar-style":"default","ast-global-header-display":"","ast-banner-title-visibility":"","ast-main-header-display":"","ast-hfb-above-header-display":"","ast-hfb-below-header-display":"","ast-hfb-mobile-header-display":"","site-post-title":"disabled","ast-breadcrumbs-content":"","ast-featured-img":"disabled","footer-sml-layout":"","ast-disable-related-posts":"","theme-transparent-header-meta":"","adv-header-id-meta":"","stick-header-meta":"","header-above-stick-meta":"","header-main-stick-meta":"","header-below-stick-meta":"","astra-migrate-meta-layouts":"default","ast-page-background-enabled":"default","ast-page-background-meta":{"desktop":{"background-color":"var(--ast-global-color-5)","background-image":"","background-repeat":"repeat","background-position":"center center","background-size":"auto","background-attachment":"scroll","background-type":"","background-media":"","overlay-type":"","overlay-color":"","overlay-opacity":"","overlay-gradient":""},"tablet":{"background-color":"","background-image":"","background-repeat":"repeat","background-position":"center center","background-size":"auto","background-attachment":"scroll","background-type":"","background-media":"","overlay-type":"","overlay-color":"","overlay-opacity":"","overlay-gradient":""},"mobile":{"background-color":"","background-image":"","background-repeat":"repeat","background-position":"center center","background-size":"auto","background-attachment":"scroll","background-type":"","background-media":"","overlay-type":"","overlay-color":"","overlay-opacity":"","overlay-gradient":""}},"ast-content-background-meta":{"desktop":{"background-color":"var(--ast-global-color-4)","background-image":"","background-repeat":"repeat","background-position":"center center","background-size":"auto","background-attachment":"scroll","background-type":"","background-media":"","overlay-type":"","overlay-color":"","overlay-opacity":"","overlay-gradient":""},"tablet":{"background-color":"var(--ast-global-color-4)","background-image":"","background-repeat":"repeat","background-position":"center center","background-size":"auto","background-attachment":"scroll","background-type":"","background-media":"","overlay-type":"","overlay-color":"","overlay-opacity":"","overlay-gradient":""},"mobile":{"background-color":"var(--ast-global-color-4)","background-image":"","background-repeat":"repeat","background-position":"center center","background-size":"auto","background-attachment":"scroll","background-type":"","background-media":"","overlay-type":"","overlay-color":"","overlay-opacity":"","overlay-gradient":""}},"footnotes":""},"class_list":["post-450","page","type-page","status-publish","hentry"],"_links":{"self":[{"href":"https:\/\/fastvibe.pl\/index.php?rest_route=\/wp\/v2\/pages\/450","targetHints":{"allow":["GET"]}}],"collection":[{"href":"https:\/\/fastvibe.pl\/index.php?rest_route=\/wp\/v2\/pages"}],"about":[{"href":"https:\/\/fastvibe.pl\/index.php?rest_route=\/wp\/v2\/types\/page"}],"author":[{"embeddable":true,"href":"https:\/\/fastvibe.pl\/index.php?rest_route=\/wp\/v2\/users\/1"}],"replies":[{"embeddable":true,"href":"https:\/\/fastvibe.pl\/index.php?rest_route=%2Fwp%2Fv2%2Fcomments&post=450"}],"version-history":[{"count":3,"href":"https:\/\/fastvibe.pl\/index.php?rest_route=\/wp\/v2\/pages\/450\/revisions"}],"predecessor-version":[{"id":863,"href":"https:\/\/fastvibe.pl\/index.php?rest_route=\/wp\/v2\/pages\/450\/revisions\/863"}],"wp:attachment":[{"href":"https:\/\/fastvibe.pl\/index.php?rest_route=%2Fwp%2Fv2%2Fmedia&parent=450"}],"curies":[{"name":"wp","href":"https:\/\/api.w.org\/{rel}","templated":true}]}}