{"id":444,"date":"2026-03-07T15:06:52","date_gmt":"2026-03-07T14:06:52","guid":{"rendered":"https:\/\/fastvibe.pl\/?page_id=444"},"modified":"2026-03-13T09:23:08","modified_gmt":"2026-03-13T08:23:08","slug":"polityka-zwrotu-kosztow","status":"publish","type":"page","link":"https:\/\/fastvibe.pl\/?page_id=444","title":{"rendered":"Polityka zwrotu koszt\u00f3w"},"content":{"rendered":"\t\t<div data-elementor-type=\"wp-page\" data-elementor-id=\"444\" class=\"elementor elementor-444\" data-elementor-post-type=\"page\">\n\t\t\t\t\t\t<section class=\"elementor-section elementor-top-section elementor-element elementor-element-648175d elementor-section-full_width elementor-section-stretched elementor-section-height-default elementor-section-height-default\" data-id=\"648175d\" data-element_type=\"section\" data-e-type=\"section\" data-settings=\"{&quot;stretch_section&quot;:&quot;section-stretched&quot;}\">\n\t\t\t\t\t\t<div class=\"elementor-container elementor-column-gap-default\">\n\t\t\t\t\t<div class=\"elementor-column elementor-col-100 elementor-top-column elementor-element elementor-element-05a8f07\" data-id=\"05a8f07\" data-element_type=\"column\" data-e-type=\"column\">\n\t\t\t<div class=\"elementor-widget-wrap elementor-element-populated\">\n\t\t\t\t\t\t<div class=\"elementor-element elementor-element-838a284 elementor-widget elementor-widget-heading\" data-id=\"838a284\" data-element_type=\"widget\" data-e-type=\"widget\" data-widget_type=\"heading.default\">\n\t\t\t\t\t<h2 class=\"elementor-heading-title elementor-size-default\">Polityka zwrotu koszt\u00f3w<\/h2>\t\t\t\t<\/div>\n\t\t\t\t<div class=\"elementor-element elementor-element-6f4f5cc elementor-widget-mobile__width-initial elementor-widget elementor-widget-text-editor\" data-id=\"6f4f5cc\" data-element_type=\"widget\" data-e-type=\"widget\" data-widget_type=\"text-editor.default\">\n\t\t\t\t\t\t\t\t\t<h3 data-path-to-node=\"2\"><b data-path-to-node=\"2\" data-index-in-node=\"0\">REKLAMACJE I ZWROTY<\/b><\/h3><p data-path-to-node=\"3\"><b data-path-to-node=\"3\" data-index-in-node=\"0\">\u00a7 1. REKLAMACJA PRODUKTU<\/b><\/p><ol start=\"1\" data-path-to-node=\"4\"><li><p data-path-to-node=\"4,0,0\">W przypadku stwierdzenia, i\u017c Produkt jest wadliwy, Kupuj\u0105cy obowi\u0105zany jest poinformowa\u0107 o tym Sprzedawc\u0119.<\/p><\/li><li><p data-path-to-node=\"4,1,0\">Reklamacj\u0119 nale\u017cy przes\u0142a\u0107 drog\u0105 elektroniczn\u0105 na adres e-mail: <b data-path-to-node=\"4,1,0\" data-index-in-node=\"64\">fastvibe76@gmail.com<\/b>.<\/p><\/li><li><p data-path-to-node=\"4,2,0\">Reklamacja powinna zawiera\u0107 opis wady Produktu, dat\u0119 jej powstania oraz \u017c\u0105danie Kupuj\u0105cego. Kupuj\u0105cy mo\u017ce z\u0142o\u017cy\u0107 reklamacj\u0119 w formie dowolnego o\u015bwiadczenia, nie jest wymagany gotowy formularz.<\/p><\/li><li><p data-path-to-node=\"4,3,0\">Do reklamowanego Produktu Kupuj\u0105cy proszony jest o do\u0142\u0105czenie Dowodu zakupu (np. potwierdzenia p\u0142atno\u015bci) lub jego kopii.<\/p><\/li><li><p data-path-to-node=\"4,4,0\">Reklamowany Produkt nale\u017cy wys\u0142a\u0107 na adres: <b data-path-to-node=\"4,4,0\" data-index-in-node=\"44\">Wojciech Suszy\u0144ski, Pa\u0144k\u00f3w 25, 22-604 Tarnawatka<\/b>.<\/p><\/li><li><p data-path-to-node=\"4,5,0\">Sprzedawca zobowi\u0105zuje si\u0119 do ustosunkowania si\u0119 do reklamacji w przeci\u0105gu 14 dni kalendarzowych.<\/p><\/li><li><p data-path-to-node=\"4,6,0\">Sprzedawca odpowiada z tytu\u0142u r\u0119kojmi, je\u017celi wada zosta\u0142a stwierdzona przed up\u0142ywem 2 lat od wydania Produktu Kupuj\u0105cemu.<\/p><\/li><\/ol><p data-path-to-node=\"5\"><b data-path-to-node=\"5\" data-index-in-node=\"0\">\u00a7 2. ODST\u0104PIENIE OD UMOWY (ZWROTY)<\/b><\/p><ol start=\"1\" data-path-to-node=\"6\"><li><p data-path-to-node=\"6,0,0\">Kupuj\u0105cemu, kt\u00f3ry jest Konsumentem, przys\u0142uguje prawo odst\u0105pienia od Umowy bez podania przyczyny w terminie <b data-path-to-node=\"6,0,0\" data-index-in-node=\"108\">14 dni kalendarzowych<\/b> od dnia obj\u0119cia Produktu w posiadanie.<\/p><\/li><li><p data-path-to-node=\"6,1,0\">Aby skorzysta\u0107 z prawa odst\u0105pienia od Umowy, Kupuj\u0105cy musi poinformowa\u0107 Sprzedawc\u0119 o swojej decyzji w drodze jednoznacznego o\u015bwiadczenia wys\u0142anego na adres e-mail: <b data-path-to-node=\"6,1,0\" data-index-in-node=\"164\">fastvibe76@gmail.com<\/b>. Kupuj\u0105cy nie musi korzysta\u0107 z \u017cadnych gotowych wzor\u00f3w formularzy.<\/p><\/li><li><p data-path-to-node=\"6,2,0\">Kupuj\u0105cy zobowi\u0105zany jest do odes\u0142ania Produktu w terminie 14 dni kalendarzowych od daty z\u0142o\u017cenia o\u015bwiadczenia o odst\u0105pieniu.<\/p><\/li><li><p data-path-to-node=\"6,3,0\">Produkty nale\u017cy wys\u0142a\u0107 na adres: <b data-path-to-node=\"6,3,0\" data-index-in-node=\"33\">Wojciech Suszy\u0144ski, Pa\u0144k\u00f3w 25, 22-604 Tarnawatka<\/b>.<\/p><\/li><li><p data-path-to-node=\"6,4,0\">Koszty wysy\u0142ki zwracanego Produktu ponosi Kupuj\u0105cy.<\/p><\/li><li><p data-path-to-node=\"6,5,0\">Kupuj\u0105cy ponosi odpowiedzialno\u015b\u0107 za zmniejszenie warto\u015bci Produktu b\u0119d\u0105ce wynikiem korzystania z niego w spos\u00f3b wykraczaj\u0105cy poza konieczny do stwierdzenia charakteru, cech i funkcjonowania Produktu.<\/p><\/li><li><p data-path-to-node=\"6,6,0\">Sprzedawca gwarantuje zwrot wszystkich otrzymanych od Kupuj\u0105cego p\u0142atno\u015bci, w tym koszt\u00f3w dostarczenia rzeczy (do wysoko\u015bci najta\u0144szego zwyk\u0142ego sposobu dostawy oferowanego w Sklepie), nie p\u00f3\u017aniej ni\u017c 14 dni od otrzymania o\u015bwiadczenia. Sprzedawca mo\u017ce wstrzyma\u0107 si\u0119 ze zwrotem do czasu otrzymania Produktu z powrotem.<\/p><\/li><li><p data-path-to-node=\"6,7,0\">Zwrot p\u0142atno\u015bci nast\u0119puje przy u\u017cyciu takiego samego sposobu zap\u0142aty, jakiego u\u017cy\u0142 Kupuj\u0105cy, chyba \u017ce wyra\u017anie zgodzi\u0142 si\u0119 on na inne rozwi\u0105zanie.<\/p><\/li><\/ol>\t\t\t\t\t\t\t\t<\/div>\n\t\t\t\t\t<\/div>\n\t\t<\/div>\n\t\t\t\t\t<\/div>\n\t\t<\/section>\n\t\t\t\t<\/div>\n\t\t","protected":false},"excerpt":{"rendered":"<p>Polityka zwrotu koszt\u00f3w REKLAMACJE I ZWROTY \u00a7 1. REKLAMACJA PRODUKTU W przypadku stwierdzenia, i\u017c Produkt jest wadliwy, Kupuj\u0105cy obowi\u0105zany jest [&hellip;]<\/p>\n","protected":false},"author":1,"featured_media":0,"parent":0,"menu_order":0,"comment_status":"closed","ping_status":"closed","template":"","meta":{"site-sidebar-layout":"no-sidebar","site-content-layout":"","ast-site-content-layout":"full-width-container","site-content-style":"default","site-sidebar-style":"default","ast-global-header-display":"","ast-banner-title-visibility":"","ast-main-header-display":"","ast-hfb-above-header-display":"","ast-hfb-below-header-display":"","ast-hfb-mobile-header-display":"","site-post-title":"disabled","ast-breadcrumbs-content":"","ast-featured-img":"disabled","footer-sml-layout":"","ast-disable-related-posts":"","theme-transparent-header-meta":"","adv-header-id-meta":"","stick-header-meta":"","header-above-stick-meta":"","header-main-stick-meta":"","header-below-stick-meta":"","astra-migrate-meta-layouts":"default","ast-page-background-enabled":"default","ast-page-background-meta":{"desktop":{"background-color":"var(--ast-global-color-5)","background-image":"","background-repeat":"repeat","background-position":"center center","background-size":"auto","background-attachment":"scroll","background-type":"","background-media":"","overlay-type":"","overlay-color":"","overlay-opacity":"","overlay-gradient":""},"tablet":{"background-color":"","background-image":"","background-repeat":"repeat","background-position":"center center","background-size":"auto","background-attachment":"scroll","background-type":"","background-media":"","overlay-type":"","overlay-color":"","overlay-opacity":"","overlay-gradient":""},"mobile":{"background-color":"","background-image":"","background-repeat":"repeat","background-position":"center center","background-size":"auto","background-attachment":"scroll","background-type":"","background-media":"","overlay-type":"","overlay-color":"","overlay-opacity":"","overlay-gradient":""}},"ast-content-background-meta":{"desktop":{"background-color":"var(--ast-global-color-4)","background-image":"","background-repeat":"repeat","background-position":"center center","background-size":"auto","background-attachment":"scroll","background-type":"","background-media":"","overlay-type":"","overlay-color":"","overlay-opacity":"","overlay-gradient":""},"tablet":{"background-color":"var(--ast-global-color-4)","background-image":"","background-repeat":"repeat","background-position":"center center","background-size":"auto","background-attachment":"scroll","background-type":"","background-media":"","overlay-type":"","overlay-color":"","overlay-opacity":"","overlay-gradient":""},"mobile":{"background-color":"var(--ast-global-color-4)","background-image":"","background-repeat":"repeat","background-position":"center center","background-size":"auto","background-attachment":"scroll","background-type":"","background-media":"","overlay-type":"","overlay-color":"","overlay-opacity":"","overlay-gradient":""}},"footnotes":""},"class_list":["post-444","page","type-page","status-publish","hentry"],"_links":{"self":[{"href":"https:\/\/fastvibe.pl\/index.php?rest_route=\/wp\/v2\/pages\/444","targetHints":{"allow":["GET"]}}],"collection":[{"href":"https:\/\/fastvibe.pl\/index.php?rest_route=\/wp\/v2\/pages"}],"about":[{"href":"https:\/\/fastvibe.pl\/index.php?rest_route=\/wp\/v2\/types\/page"}],"author":[{"embeddable":true,"href":"https:\/\/fastvibe.pl\/index.php?rest_route=\/wp\/v2\/users\/1"}],"replies":[{"embeddable":true,"href":"https:\/\/fastvibe.pl\/index.php?rest_route=%2Fwp%2Fv2%2Fcomments&post=444"}],"version-history":[{"count":6,"href":"https:\/\/fastvibe.pl\/index.php?rest_route=\/wp\/v2\/pages\/444\/revisions"}],"predecessor-version":[{"id":832,"href":"https:\/\/fastvibe.pl\/index.php?rest_route=\/wp\/v2\/pages\/444\/revisions\/832"}],"wp:attachment":[{"href":"https:\/\/fastvibe.pl\/index.php?rest_route=%2Fwp%2Fv2%2Fmedia&parent=444"}],"curies":[{"name":"wp","href":"https:\/\/api.w.org\/{rel}","templated":true}]}}