{"id":436,"date":"2026-03-07T14:54:33","date_gmt":"2026-03-07T13:54:33","guid":{"rendered":"https:\/\/fastvibe.pl\/?page_id=436"},"modified":"2026-03-13T09:52:03","modified_gmt":"2026-03-13T08:52:03","slug":"polityka-prywatnosci","status":"publish","type":"page","link":"https:\/\/fastvibe.pl\/?page_id=436","title":{"rendered":"Polityka Prywatno\u015b\u0107i"},"content":{"rendered":"\t\t<div data-elementor-type=\"wp-page\" data-elementor-id=\"436\" class=\"elementor elementor-436\" data-elementor-post-type=\"page\">\n\t\t\t\t\t\t<section class=\"elementor-section elementor-top-section elementor-element elementor-element-c0c117d elementor-section-full_width elementor-section-stretched elementor-section-height-default elementor-section-height-default\" data-id=\"c0c117d\" data-element_type=\"section\" data-e-type=\"section\" data-settings=\"{&quot;stretch_section&quot;:&quot;section-stretched&quot;}\">\n\t\t\t\t\t\t<div class=\"elementor-container elementor-column-gap-default\">\n\t\t\t\t\t<div class=\"elementor-column elementor-col-100 elementor-top-column elementor-element elementor-element-e0fbfb8\" data-id=\"e0fbfb8\" data-element_type=\"column\" data-e-type=\"column\">\n\t\t\t<div class=\"elementor-widget-wrap elementor-element-populated\">\n\t\t\t\t\t\t<div class=\"elementor-element elementor-element-c912c2e elementor-widget elementor-widget-heading\" data-id=\"c912c2e\" data-element_type=\"widget\" data-e-type=\"widget\" data-widget_type=\"heading.default\">\n\t\t\t\t\t<h2 class=\"elementor-heading-title elementor-size-default\">Polityka Prywatno\u015bci<\/h2>\t\t\t\t<\/div>\n\t\t\t\t<div class=\"elementor-element elementor-element-300d5e0 elementor-widget-mobile__width-initial elementor-widget elementor-widget-text-editor\" data-id=\"300d5e0\" data-element_type=\"widget\" data-e-type=\"widget\" data-widget_type=\"text-editor.default\">\n\t\t\t\t\t\t\t\t\t<p data-path-to-node=\"3\">Polityka prywatno\u015bci opisuje zasady przetwarzania przez nas informacji na Tw\u00f3j temat, w tym danych osobowych oraz ciasteczek (cookies).<\/p><h3 data-path-to-node=\"4\">1. Informacje og\u00f3lne<\/h3><ol start=\"1\" data-path-to-node=\"5\"><li><p data-path-to-node=\"5,0,0\">Niniejsza polityka dotyczy Serwisu www, funkcjonuj\u0105cego pod adresem url: <b data-path-to-node=\"5,0,0\" data-index-in-node=\"73\">fastvibe.pl<\/b>.<\/p><\/li><li><p data-path-to-node=\"5,1,0\">Operatorem serwisu oraz Administratorem danych osobowych jest: <b data-path-to-node=\"5,1,0\" data-index-in-node=\"63\">Wojciech Suszy\u0144ski, Pa\u0144k\u00f3w 25, 22-604 Tarnawatka<\/b>.<\/p><\/li><li><p data-path-to-node=\"5,2,0\">Adres kontaktowy poczty elektronicznej operatora: <b data-path-to-node=\"5,2,0\" data-index-in-node=\"50\">fastvibe76@gmail.com<\/b>.<\/p><\/li><li><p data-path-to-node=\"5,3,0\">Operator jest Administratorem Twoich danych osobowych w odniesieniu do danych podanych dobrowolnie w Serwisie.<\/p><\/li><li><p data-path-to-node=\"5,4,0\">Serwis wykorzystuje dane osobowe w celach: przygotowania i wysy\u0142ki towar\u00f3w, obs\u0142ugi zapyta\u0144 przez formularz oraz realizacji zam\u00f3wionych us\u0142ug.<\/p><\/li><li><p data-path-to-node=\"5,5,0\">Serwis pozyskuje informacje o u\u017cytkownikach poprzez dobrowolnie wprowadzone w formularzach dane oraz pliki cookie.<\/p><\/li><\/ol><h3 data-path-to-node=\"6\">2. Wybrane metody ochrony danych<\/h3><ol start=\"1\" data-path-to-node=\"7\"><li><p data-path-to-node=\"7,0,0\">Miejsca logowania i wprowadzania danych s\u0105 chronione certyfikatem SSL. Dzi\u0119ki temu dane wprowadzane na stronie zostaj\u0105 zaszyfrowane i mog\u0105 by\u0107 odczytane jedynie na docelowym serwerze.<\/p><\/li><li><p data-path-to-node=\"7,1,0\">Operator regularnie aktualizuje oprogramowanie s\u0142u\u017c\u0105ce do przetwarzania danych w celu zapewnienia bezpiecze\u0144stwa.<\/p><\/li><\/ol><h3 data-path-to-node=\"8\">3. Hosting<\/h3><ol start=\"1\" data-path-to-node=\"9\"><li><p data-path-to-node=\"9,0,0\">Serwis jest hostowany (technicznie utrzymywany) na serwerach operatora: <b data-path-to-node=\"9,0,0\" data-index-in-node=\"72\">lh.pl<\/b>.<\/p><\/li><\/ol><h3 data-path-to-node=\"10\">4. Twoje prawa i dodatkowe informacje<\/h3><ol start=\"1\" data-path-to-node=\"11\"><li><p data-path-to-node=\"11,0,0\">W celu wykonania umowy Administrator mo\u017ce przekazywa\u0107 Twoje dane odbiorcom takim jak: operatorzy p\u0142atno\u015bci (np. <b data-path-to-node=\"11,0,0\" data-index-in-node=\"112\">HotPay<\/b>), firmy kurierskie oraz firmy hostingowe.<\/p><\/li><li><p data-path-to-node=\"11,1,0\">Przys\u0142uguje Ci prawo \u017c\u0105dania od Administratora dost\u0119pu do swoich danych, ich sprostowania, usuni\u0119cia lub ograniczenia przetwarzania.<\/p><\/li><li><p data-path-to-node=\"11,2,0\">Masz prawo wnie\u015b\u0107 skarg\u0119 do Prezesa Urz\u0119du Ochrony Danych Osobowych (ul. Stawki 2, 00-193 Warszawa).<\/p><\/li><\/ol><h3 data-path-to-node=\"12\">5. Informacje w formularzach<\/h3><ol start=\"1\" data-path-to-node=\"13\"><li><p data-path-to-node=\"13,0,0\">Serwis zbiera informacje podane dobrowolnie przez u\u017cytkownika.<\/p><\/li><li><p data-path-to-node=\"13,1,0\">Dane podane w formularzu s\u0105 przetwarzane w celu wynikaj\u0105cym z funkcji konkretnego formularza (np. obs\u0142uga zam\u00f3wienia lub kontakt).<\/p><\/li><\/ol><h3 data-path-to-node=\"14\">6. Istotne techniki marketingowe<\/h3><ol start=\"1\" data-path-to-node=\"15\"><li><p data-path-to-node=\"15,0,0\">Operator stosuje analiz\u0119 statystyczn\u0105 ruchu na stronie poprzez Google Analytics.<\/p><\/li><li><p data-path-to-node=\"15,1,0\">Operator korzysta z piksela Facebooka w celu dopasowania reklam w serwisie Facebook.<\/p><\/li><li><p data-path-to-node=\"15,2,0\">Operator stosuje techniki remarketingowe, co wymaga obs\u0142ugi plik\u00f3w cookie.<\/p><\/li><\/ol><h3 data-path-to-node=\"16\">7. Informacja o plikach cookies<\/h3><ol start=\"1\" data-path-to-node=\"17\"><li><p data-path-to-node=\"17,0,0\">Serwis korzysta z plik\u00f3w cookies (tzw. \u201eciasteczka\u201d), kt\u00f3re s\u0105 danymi informatycznymi przechowywanymi w urz\u0105dzeniu ko\u0144cowym u\u017cytkownika.<\/p><\/li><li><p data-path-to-node=\"17,1,0\">Cookies wykorzystywane s\u0105 do utrzymania sesji u\u017cytkownika oraz w celach marketingowych opisanych powy\u017cej.<\/p><\/li><li><p data-path-to-node=\"17,2,0\">U\u017cytkownik mo\u017ce w ka\u017cdej chwili zmieni\u0107 ustawienia dotycz\u0105ce plik\u00f3w cookies w swojej przegl\u0105darce internetowej. Ograniczenie stosowania plik\u00f3w cookies mo\u017ce jednak wp\u0142yn\u0105\u0107 na niekt\u00f3re funkcjonalno\u015bci Serwisu.<\/p><\/li><\/ol>\t\t\t\t\t\t\t\t<\/div>\n\t\t\t\t\t<\/div>\n\t\t<\/div>\n\t\t\t\t\t<\/div>\n\t\t<\/section>\n\t\t\t\t<\/div>\n\t\t","protected":false},"excerpt":{"rendered":"<p>Polityka Prywatno\u015bci Polityka prywatno\u015bci opisuje zasady przetwarzania przez nas informacji na Tw\u00f3j temat, w tym danych osobowych oraz ciasteczek (cookies). [&hellip;]<\/p>\n","protected":false},"author":1,"featured_media":0,"parent":0,"menu_order":0,"comment_status":"closed","ping_status":"closed","template":"","meta":{"site-sidebar-layout":"no-sidebar","site-content-layout":"","ast-site-content-layout":"full-width-container","site-content-style":"default","site-sidebar-style":"default","ast-global-header-display":"","ast-banner-title-visibility":"","ast-main-header-display":"","ast-hfb-above-header-display":"","ast-hfb-below-header-display":"","ast-hfb-mobile-header-display":"","site-post-title":"disabled","ast-breadcrumbs-content":"","ast-featured-img":"disabled","footer-sml-layout":"","ast-disable-related-posts":"","theme-transparent-header-meta":"","adv-header-id-meta":"","stick-header-meta":"","header-above-stick-meta":"","header-main-stick-meta":"","header-below-stick-meta":"","astra-migrate-meta-layouts":"default","ast-page-background-enabled":"default","ast-page-background-meta":{"desktop":{"background-color":"var(--ast-global-color-5)","background-image":"","background-repeat":"repeat","background-position":"center center","background-size":"auto","background-attachment":"scroll","background-type":"","background-media":"","overlay-type":"","overlay-color":"","overlay-opacity":"","overlay-gradient":""},"tablet":{"background-color":"","background-image":"","background-repeat":"repeat","background-position":"center center","background-size":"auto","background-attachment":"scroll","background-type":"","background-media":"","overlay-type":"","overlay-color":"","overlay-opacity":"","overlay-gradient":""},"mobile":{"background-color":"","background-image":"","background-repeat":"repeat","background-position":"center center","background-size":"auto","background-attachment":"scroll","background-type":"","background-media":"","overlay-type":"","overlay-color":"","overlay-opacity":"","overlay-gradient":""}},"ast-content-background-meta":{"desktop":{"background-color":"var(--ast-global-color-4)","background-image":"","background-repeat":"repeat","background-position":"center center","background-size":"auto","background-attachment":"scroll","background-type":"","background-media":"","overlay-type":"","overlay-color":"","overlay-opacity":"","overlay-gradient":""},"tablet":{"background-color":"var(--ast-global-color-4)","background-image":"","background-repeat":"repeat","background-position":"center center","background-size":"auto","background-attachment":"scroll","background-type":"","background-media":"","overlay-type":"","overlay-color":"","overlay-opacity":"","overlay-gradient":""},"mobile":{"background-color":"var(--ast-global-color-4)","background-image":"","background-repeat":"repeat","background-position":"center center","background-size":"auto","background-attachment":"scroll","background-type":"","background-media":"","overlay-type":"","overlay-color":"","overlay-opacity":"","overlay-gradient":""}},"footnotes":""},"class_list":["post-436","page","type-page","status-publish","hentry"],"_links":{"self":[{"href":"https:\/\/fastvibe.pl\/index.php?rest_route=\/wp\/v2\/pages\/436","targetHints":{"allow":["GET"]}}],"collection":[{"href":"https:\/\/fastvibe.pl\/index.php?rest_route=\/wp\/v2\/pages"}],"about":[{"href":"https:\/\/fastvibe.pl\/index.php?rest_route=\/wp\/v2\/types\/page"}],"author":[{"embeddable":true,"href":"https:\/\/fastvibe.pl\/index.php?rest_route=\/wp\/v2\/users\/1"}],"replies":[{"embeddable":true,"href":"https:\/\/fastvibe.pl\/index.php?rest_route=%2Fwp%2Fv2%2Fcomments&post=436"}],"version-history":[{"count":15,"href":"https:\/\/fastvibe.pl\/index.php?rest_route=\/wp\/v2\/pages\/436\/revisions"}],"predecessor-version":[{"id":857,"href":"https:\/\/fastvibe.pl\/index.php?rest_route=\/wp\/v2\/pages\/436\/revisions\/857"}],"wp:attachment":[{"href":"https:\/\/fastvibe.pl\/index.php?rest_route=%2Fwp%2Fv2%2Fmedia&parent=436"}],"curies":[{"name":"wp","href":"https:\/\/api.w.org\/{rel}","templated":true}]}}